{"id":33,"date":"2026-01-20T21:18:55","date_gmt":"2026-01-20T21:18:55","guid":{"rendered":"https:\/\/macelleriaallaporchetta.it\/?page_id=33"},"modified":"2026-01-28T11:48:01","modified_gmt":"2026-01-28T11:48:01","slug":"contatti","status":"publish","type":"page","link":"https:\/\/macelleriaallaporchetta.it\/index.php\/contatti\/","title":{"rendered":"Contatti"},"content":{"rendered":"\t\t<div data-elementor-type=\"wp-page\" data-elementor-id=\"33\" class=\"elementor elementor-33\" data-elementor-post-type=\"page\">\n\t\t\t\t<div class=\"elementor-element elementor-element-3488885 e-flex e-con-boxed e-con e-parent\" data-id=\"3488885\" data-element_type=\"container\" data-e-type=\"container\">\n\t\t\t\t\t<div class=\"e-con-inner\">\n\t\t<div class=\"elementor-element elementor-element-5b37154 e-con-full e-flex e-con e-child\" data-id=\"5b37154\" data-element_type=\"container\" data-e-type=\"container\">\n\t\t<div class=\"elementor-element elementor-element-8a78768 e-con-full e-flex e-con e-child\" data-id=\"8a78768\" data-element_type=\"container\" data-e-type=\"container\">\n\t\t\t\t<div class=\"elementor-element elementor-element-ec591a8 elementor-widget elementor-widget-heading\" data-id=\"ec591a8\" data-element_type=\"widget\" data-e-type=\"widget\" data-widget_type=\"heading.default\">\n\t\t\t\t\t<h2 class=\"elementor-heading-title elementor-size-default\">Contatti<\/h2>\t\t\t\t<\/div>\n\t\t\t\t<\/div>\n\t\t<div class=\"elementor-element elementor-element-b84d2ef e-con-full e-flex e-con e-child\" data-id=\"b84d2ef\" data-element_type=\"container\" data-e-type=\"container\">\n\t\t<div class=\"elementor-element elementor-element-d5e90e7 e-con-full e-flex e-con e-child\" data-id=\"d5e90e7\" data-element_type=\"container\" data-e-type=\"container\">\n\t\t\t\t<div class=\"elementor-element elementor-element-0a0f815 elementor-widget elementor-widget-google_maps\" data-id=\"0a0f815\" data-element_type=\"widget\" data-e-type=\"widget\" data-widget_type=\"google_maps.default\">\n\t\t\t\t\t\t\t<div class=\"elementor-custom-embed\">\n\t\t\t<iframe loading=\"lazy\"\n\t\t\t\t\tsrc=\"https:\/\/maps.google.com\/maps?q=macelleria%20alla%20porchetta%20negrar&#038;t=m&#038;z=13&#038;output=embed&#038;iwloc=near\"\n\t\t\t\t\ttitle=\"macelleria alla porchetta negrar\"\n\t\t\t\t\taria-label=\"macelleria alla porchetta negrar\"\n\t\t\t><\/iframe>\n\t\t<\/div>\n\t\t\t\t\t\t<\/div>\n\t\t\t\t<\/div>\n\t\t<div class=\"elementor-element elementor-element-d58704f e-con-full e-flex e-con e-child\" data-id=\"d58704f\" data-element_type=\"container\" data-e-type=\"container\">\n\t\t\t\t<div class=\"elementor-element elementor-element-20a2f40 elementor-widget elementor-widget-heading\" data-id=\"20a2f40\" data-element_type=\"widget\" data-e-type=\"widget\" data-widget_type=\"heading.default\">\n\t\t\t\t\t<h2 class=\"elementor-heading-title elementor-size-default\">Vieni a trovarci<\/h2>\t\t\t\t<\/div>\n\t\t\t\t<div class=\"elementor-element elementor-element-e8e144a elementor-widget elementor-widget-text-editor\" data-id=\"e8e144a\" data-element_type=\"widget\" data-e-type=\"widget\" data-widget_type=\"text-editor.default\">\n\t\t\t\t\t\t\t\t\t<p>Via S. Peretto, 18,<br \/>37024 Negrar di Valpolicella VR<\/p><p><strong><span style=\"color: #e52620;\">M.<\/span> <\/strong><span style=\"color: #000000;\"><a style=\"color: #000000;\" href=\"mailto:info@macelleriallaporchetta.it\">info@macelleriallaporchetta.it<\/a><\/span><br \/><strong><span style=\"color: #e52620;\">T.<\/span> <\/strong><span style=\"color: #000000;\"><a style=\"color: #000000;\" href=\"tel:+390457500055\">045 750 0055<\/a><\/span><\/p>\t\t\t\t\t\t\t\t<\/div>\n\t\t<div class=\"elementor-element elementor-element-fc6aaad e-con-full e-flex e-con e-child\" data-id=\"fc6aaad\" data-element_type=\"container\" data-e-type=\"container\">\n\t\t\t\t<div class=\"elementor-element elementor-element-e227814 elementor-widget-divider--view-line elementor-widget elementor-widget-divider\" data-id=\"e227814\" data-element_type=\"widget\" data-e-type=\"widget\" data-widget_type=\"divider.default\">\n\t\t\t\t\t\t\t<div class=\"elementor-divider\">\n\t\t\t<span class=\"elementor-divider-separator\">\n\t\t\t\t\t\t<\/span>\n\t\t<\/div>\n\t\t\t\t\t\t<\/div>\n\t\t\t\t<div class=\"elementor-element elementor-element-33e0668 elementor-widget elementor-widget-text-editor\" data-id=\"33e0668\" data-element_type=\"widget\" data-e-type=\"widget\" data-widget_type=\"text-editor.default\">\n\t\t\t\t\t\t\t\t\t<p>Luned\u00ec<\/p><p>08 &#8211; 12:30<\/p>\t\t\t\t\t\t\t\t<\/div>\n\t\t\t\t<div class=\"elementor-element elementor-element-33d8e2a elementor-widget-divider--view-line elementor-widget elementor-widget-divider\" data-id=\"33d8e2a\" data-element_type=\"widget\" data-e-type=\"widget\" data-widget_type=\"divider.default\">\n\t\t\t\t\t\t\t<div class=\"elementor-divider\">\n\t\t\t<span class=\"elementor-divider-separator\">\n\t\t\t\t\t\t<\/span>\n\t\t<\/div>\n\t\t\t\t\t\t<\/div>\n\t\t\t\t<div class=\"elementor-element elementor-element-46d81ad elementor-widget elementor-widget-text-editor\" data-id=\"46d81ad\" data-element_type=\"widget\" data-e-type=\"widget\" data-widget_type=\"text-editor.default\">\n\t\t\t\t\t\t\t\t\t<p>Marted\u00ec<\/p><p>08 &#8211; 12:30, 16 &#8211; 19<\/p>\t\t\t\t\t\t\t\t<\/div>\n\t\t\t\t<div class=\"elementor-element elementor-element-4589b14 elementor-widget-divider--view-line elementor-widget elementor-widget-divider\" data-id=\"4589b14\" data-element_type=\"widget\" data-e-type=\"widget\" data-widget_type=\"divider.default\">\n\t\t\t\t\t\t\t<div class=\"elementor-divider\">\n\t\t\t<span class=\"elementor-divider-separator\">\n\t\t\t\t\t\t<\/span>\n\t\t<\/div>\n\t\t\t\t\t\t<\/div>\n\t\t\t\t<div class=\"elementor-element elementor-element-99ac8af elementor-widget elementor-widget-text-editor\" data-id=\"99ac8af\" data-element_type=\"widget\" data-e-type=\"widget\" data-widget_type=\"text-editor.default\">\n\t\t\t\t\t\t\t\t\t<p>Mercoled\u00ec<\/p><p>08 &#8211; 12:30<\/p>\t\t\t\t\t\t\t\t<\/div>\n\t\t\t\t<div class=\"elementor-element elementor-element-7e70e90 elementor-widget-divider--view-line elementor-widget elementor-widget-divider\" data-id=\"7e70e90\" data-element_type=\"widget\" data-e-type=\"widget\" data-widget_type=\"divider.default\">\n\t\t\t\t\t\t\t<div class=\"elementor-divider\">\n\t\t\t<span class=\"elementor-divider-separator\">\n\t\t\t\t\t\t<\/span>\n\t\t<\/div>\n\t\t\t\t\t\t<\/div>\n\t\t\t\t<div class=\"elementor-element elementor-element-672d795 elementor-widget elementor-widget-text-editor\" data-id=\"672d795\" data-element_type=\"widget\" data-e-type=\"widget\" data-widget_type=\"text-editor.default\">\n\t\t\t\t\t\t\t\t\t<p>Gioved\u00ec<\/p><p>08 &#8211; 12:30, 16 &#8211; 19<\/p>\t\t\t\t\t\t\t\t<\/div>\n\t\t\t\t<div class=\"elementor-element elementor-element-71fb55e elementor-widget-divider--view-line elementor-widget elementor-widget-divider\" data-id=\"71fb55e\" data-element_type=\"widget\" data-e-type=\"widget\" data-widget_type=\"divider.default\">\n\t\t\t\t\t\t\t<div class=\"elementor-divider\">\n\t\t\t<span class=\"elementor-divider-separator\">\n\t\t\t\t\t\t<\/span>\n\t\t<\/div>\n\t\t\t\t\t\t<\/div>\n\t\t\t\t<div class=\"elementor-element elementor-element-3b0bc4d elementor-widget elementor-widget-text-editor\" data-id=\"3b0bc4d\" data-element_type=\"widget\" data-e-type=\"widget\" data-widget_type=\"text-editor.default\">\n\t\t\t\t\t\t\t\t\t<p>Venerd\u00ec<\/p><p>08 &#8211; 12:30, 16 &#8211; 19<\/p>\t\t\t\t\t\t\t\t<\/div>\n\t\t\t\t<div class=\"elementor-element elementor-element-bdc3af4 elementor-widget-divider--view-line elementor-widget elementor-widget-divider\" data-id=\"bdc3af4\" data-element_type=\"widget\" data-e-type=\"widget\" data-widget_type=\"divider.default\">\n\t\t\t\t\t\t\t<div class=\"elementor-divider\">\n\t\t\t<span class=\"elementor-divider-separator\">\n\t\t\t\t\t\t<\/span>\n\t\t<\/div>\n\t\t\t\t\t\t<\/div>\n\t\t\t\t<div class=\"elementor-element elementor-element-ea9cc49 elementor-widget elementor-widget-text-editor\" data-id=\"ea9cc49\" data-element_type=\"widget\" data-e-type=\"widget\" data-widget_type=\"text-editor.default\">\n\t\t\t\t\t\t\t\t\t<p>Sabato<\/p><p>08 &#8211; 12:30, 16 &#8211; 19<\/p>\t\t\t\t\t\t\t\t<\/div>\n\t\t\t\t<div class=\"elementor-element elementor-element-4d23cc1 elementor-widget-divider--view-line elementor-widget elementor-widget-divider\" data-id=\"4d23cc1\" data-element_type=\"widget\" data-e-type=\"widget\" data-widget_type=\"divider.default\">\n\t\t\t\t\t\t\t<div class=\"elementor-divider\">\n\t\t\t<span class=\"elementor-divider-separator\">\n\t\t\t\t\t\t<\/span>\n\t\t<\/div>\n\t\t\t\t\t\t<\/div>\n\t\t\t\t<div class=\"elementor-element elementor-element-401d787 elementor-widget elementor-widget-text-editor\" data-id=\"401d787\" data-element_type=\"widget\" data-e-type=\"widget\" data-widget_type=\"text-editor.default\">\n\t\t\t\t\t\t\t\t\t<p>Domenica<\/p><p>Chiuso<\/p>\t\t\t\t\t\t\t\t<\/div>\n\t\t\t\t<div class=\"elementor-element elementor-element-e1d9c18 elementor-widget-divider--view-line elementor-widget elementor-widget-divider\" data-id=\"e1d9c18\" data-element_type=\"widget\" data-e-type=\"widget\" data-widget_type=\"divider.default\">\n\t\t\t\t\t\t\t<div class=\"elementor-divider\">\n\t\t\t<span class=\"elementor-divider-separator\">\n\t\t\t\t\t\t<\/span>\n\t\t<\/div>\n\t\t\t\t\t\t<\/div>\n\t\t\t\t<\/div>\n\t\t\t\t<\/div>\n\t\t\t\t<\/div>\n\t\t\t\t<\/div>\n\t\t\t\t\t<\/div>\n\t\t\t\t<\/div>\n\t\t\t\t<\/div>\n\t\t","protected":false},"excerpt":{"rendered":"<p>Contatti Vieni a trovarci Via S. Peretto, 18,37024 Negrar di Valpolicella VR M. info@macelleriallaporchetta.itT. 045 750 0055 Luned\u00ec 08 &#8211; 12:30 Marted\u00ec 08 &#8211; 12:30, 16 &#8211; 19 Mercoled\u00ec 08 &#8211; 12:30 Gioved\u00ec 08 &#8211; 12:30, 16 &#8211; 19 Venerd\u00ec 08 &#8211; 12:30, 16 &#8211; 19 Sabato 08 &#8211; 12:30, 16 &#8211; 19 Domenica Chiuso<\/p>\n","protected":false},"author":1,"featured_media":0,"parent":0,"menu_order":2,"comment_status":"closed","ping_status":"closed","template":"","meta":{"footnotes":""},"class_list":["post-33","page","type-page","status-publish","hentry"],"_links":{"self":[{"href":"https:\/\/macelleriaallaporchetta.it\/index.php\/wp-json\/wp\/v2\/pages\/33","targetHints":{"allow":["GET"]}}],"collection":[{"href":"https:\/\/macelleriaallaporchetta.it\/index.php\/wp-json\/wp\/v2\/pages"}],"about":[{"href":"https:\/\/macelleriaallaporchetta.it\/index.php\/wp-json\/wp\/v2\/types\/page"}],"author":[{"embeddable":true,"href":"https:\/\/macelleriaallaporchetta.it\/index.php\/wp-json\/wp\/v2\/users\/1"}],"replies":[{"embeddable":true,"href":"https:\/\/macelleriaallaporchetta.it\/index.php\/wp-json\/wp\/v2\/comments?post=33"}],"version-history":[{"count":22,"href":"https:\/\/macelleriaallaporchetta.it\/index.php\/wp-json\/wp\/v2\/pages\/33\/revisions"}],"predecessor-version":[{"id":331,"href":"https:\/\/macelleriaallaporchetta.it\/index.php\/wp-json\/wp\/v2\/pages\/33\/revisions\/331"}],"wp:attachment":[{"href":"https:\/\/macelleriaallaporchetta.it\/index.php\/wp-json\/wp\/v2\/media?parent=33"}],"curies":[{"name":"wp","href":"https:\/\/api.w.org\/{rel}","templated":true}]}}